{"id":8,"date":"2013-03-17T08:39:13","date_gmt":"2013-03-17T08:39:13","guid":{"rendered":"http:\/\/prahamtb.cz\/?page_id=8"},"modified":"2020-06-08T11:00:54","modified_gmt":"2020-06-08T11:00:54","slug":"informace-k-zavodum","status":"publish","type":"page","link":"https:\/\/prahamtb.cz\/?page_id=8","title":{"rendered":"Informace k z\u00e1vod\u016fm"},"content":{"rendered":"<p>Ve\u0161ker\u00e9 informace k z\u00e1vod\u016fm naleznete <a href=\"https:\/\/prahamtb.cz\/?page_id=12\">ZDE<\/a><\/p>\n","protected":false},"excerpt":{"rendered":"<a href=\"https:\/\/prahamtb.cz\/?page_id=8\"><img width=\"150\" src=\"\" class=\"alignleft wp-post-image tfe\" alt=\"\" title=\"\" \/><\/a><p>Ve\u0161ker\u00e9 informace k z\u00e1vod\u016fm naleznete ZDE<\/p>\n","protected":false},"author":1,"featured_media":0,"parent":0,"menu_order":0,"comment_status":"closed","ping_status":"open","template":"","meta":[],"_links":{"self":[{"href":"https:\/\/prahamtb.cz\/index.php?rest_route=\/wp\/v2\/pages\/8"}],"collection":[{"href":"https:\/\/prahamtb.cz\/index.php?rest_route=\/wp\/v2\/pages"}],"about":[{"href":"https:\/\/prahamtb.cz\/index.php?rest_route=\/wp\/v2\/types\/page"}],"author":[{"embeddable":true,"href":"https:\/\/prahamtb.cz\/index.php?rest_route=\/wp\/v2\/users\/1"}],"replies":[{"embeddable":true,"href":"https:\/\/prahamtb.cz\/index.php?rest_route=%2Fwp%2Fv2%2Fcomments&post=8"}],"version-history":[{"count":15,"href":"https:\/\/prahamtb.cz\/index.php?rest_route=\/wp\/v2\/pages\/8\/revisions"}],"predecessor-version":[{"id":5647,"href":"https:\/\/prahamtb.cz\/index.php?rest_route=\/wp\/v2\/pages\/8\/revisions\/5647"}],"wp:attachment":[{"href":"https:\/\/prahamtb.cz\/index.php?rest_route=%2Fwp%2Fv2%2Fmedia&parent=8"}],"curies":[{"name":"wp","href":"https:\/\/api.w.org\/{rel}","templated":true}]}}