{"id":18,"date":"2013-03-17T08:41:16","date_gmt":"2013-03-17T08:41:16","guid":{"rendered":"http:\/\/prahamtb.cz\/?page_id=18"},"modified":"2026-05-12T20:23:20","modified_gmt":"2026-05-12T20:23:20","slug":"prihlasky","status":"publish","type":"page","link":"https:\/\/prahamtb.cz\/?page_id=18","title":{"rendered":"P\u0159ihl\u00e1\u0161ky"},"content":{"rendered":"<h2>Registrace z\u00e1vodn\u00edk\u016f na jednotliv\u00e1 kola \u0160KODA Pra\u017esk\u00e9ho MTB poh\u00e1ru 2026:<\/h2>\n<p><span style=\"color: #ff0000;\"><strong>P\u0159ihl\u00e1\u0161en\u00ed z\u00e1vodn\u00edka do z\u00e1vodu bude prob\u00edhat POUZE ONLINE.<\/strong><\/span><br \/><span style=\"color: #ff0000;\"><strong>Online registrace z\u00e1vodn\u00edk\u016f bude ukon\u010dena v\u017edy dva dny p\u0159ed z\u00e1vodem ve 14:00.<\/strong><\/span><\/p>\n<p><span style=\"color: #0000ff;\"><strong>1.kolo Motol, sobota 11.4.2026<\/strong><\/span>\u00a0&#8211; <strong>registrace bude spu\u0161t\u011bna dne 26.3.2026 v 10:00\u00a0\u00a0<\/strong><\/p>\n<p><strong><em>Odkaz na registraci &#8211;\u00a0<a href=\"https:\/\/sportt.cz\/register\/1525\">https:\/\/sportt.cz\/register\/1525<\/a><\/em><\/strong><\/p>\n<p><span style=\"color: #0000ff;\"><strong>2.kolo Motol, ned\u011ble 12.4.2026<\/strong><\/span>\u00a0&#8211; <strong>registrace <\/strong><strong>bude spu\u0161t\u011bna dne 26.3.2026 v 10:00<\/strong><\/p>\n<p><strong><em>Odkaz na registraci &#8211;\u00a0<a href=\"https:\/\/sportt.cz\/register\/1526\">https:\/\/sportt.cz\/register\/1526<\/a><\/em><\/strong><\/p>\n<p><span style=\"color: #0000ff;\"><strong>3.kolo Let\u0148any, sobota 16.5.2026<\/strong><\/span>\u00a0<\/p>\n<p><strong><em>Odkaz na registraci &#8211;\u00a0<a href=\"https:\/\/sportt.cz\/register\/1532\">https:\/\/sportt.cz\/register\/1532<\/a><\/em><\/strong><\/p>\n<p><strong><span style=\"color: #0000ff;\">4.kolo Kbely, ned\u011ble 17.5.2026<\/span>\u00a0<\/strong><\/p>\n<p><em><strong>Odkaz na registraci &#8211; <a href=\"https:\/\/sportt.cz\/register\/1533\">https:\/\/sportt.cz\/register\/1533<\/a><\/strong><\/em><\/p>\n<p>V\u0161echny z\u00e1vody Pra\u017esk\u00e9ho MTB poh\u00e1ru 2026 budou m\u011b\u0159eny elektronickou \u010dasom\u00edrou APACHI. Na jednotliv\u00e9 z\u00e1vody se registrujte prost\u0159ednictv\u00edm link\u016f, kter\u00e9 budou pro jednotliv\u00e1 kola zve\u0159ejn\u011bna v nejbli\u017e\u0161\u00edch dnech.<\/p>\n<h3><strong>Postup p\u0159i registraci:<\/strong><\/h3>\n<p><span style=\"color: #ff0000;\"><strong>V\u017edy p\u0159i p\u0159ihla\u0161ov\u00e1n\u00ed z\u00e1vodn\u00edka uv\u00e1d\u011bjte\u00a0pouze jeden a tent\u00fd\u017e\u00a0 e-mail. P\u0159edejdete probl\u00e9mu duplicity a \u0161patn\u00e9mu za\u0159azen\u00ed Va\u0161eho z\u00e1vodn\u00edka do celkov\u00e9ho po\u0159ad\u00ed, tud\u00ed\u017e i \u0159azen\u00ed na startu.\u00a0 \u00a0\u00a0<\/strong><\/span><\/p>\n<p>&#8211;\u00a0\u00a0\u00a0\u00a0\u00a0\u00a0\u00a0\u00a0\u00a0Po ukon\u010den\u00ed registrace a ulo\u017een\u00ed p\u0159ihl\u00e1\u0161ky v\u00e1m syst\u00e9m automaticky ode\u0161le potvrzovac\u00ed email<br \/>&#8211;\u00a0\u00a0\u00a0\u00a0\u00a0\u00a0\u00a0\u00a0\u00a0 V\u00a0emailu naleznete pokyny pro platbu startovn\u00e9ho<br \/>&#8211;\u00a0\u00a0\u00a0\u00a0\u00a0\u00a0\u00a0\u00a0\u00a0 Startovn\u00e9 zapla\u0165te na uveden\u00fd \u00fa\u010det pod dan\u00fdm variabiln\u00edm symbolem a nejpozd\u011bji <span style=\"color: #ff0000;\">2 pracovn\u00ed dny<\/span> p\u0159ed term\u00ednem z\u00e1vodu<br \/>&#8211;\u00a0\u00a0\u00a0\u00a0\u00a0\u00a0\u00a0\u00a0\u00a0 Pokud se do z\u00e1vodu zaregistrujete pozd\u011bji ne\u017e <span style=\"color: #ff0000;\">2 pracovn\u00ed dny<\/span> p\u0159ed term\u00ednem kon\u00e1n\u00ed z\u00e1vodu, nevad\u00ed, startovn\u00e9 m\u016f\u017eete zaplatit i na m\u00edst\u011b p\u0159i prezentaci.\u00a0<br \/>&#8211;\u00a0\u00a0\u00a0\u00a0\u00a0\u00a0\u00a0\u00a0\u00a0 V\u00fd\u0161i startovn\u00e9ho naleznete ZDE<\/p>\n<h3>\u00a0<\/h3>\n<p>\u00a0<\/p>\n\n\n<p><\/p>\n","protected":false},"excerpt":{"rendered":"<a href=\"https:\/\/prahamtb.cz\/?page_id=18\"><img width=\"150\" src=\"\" class=\"alignleft wp-post-image tfe\" alt=\"\" title=\"\" \/><\/a><p>Registrace z\u00e1vodn\u00edk\u016f na jednotliv\u00e1 kola \u0160KODA Pra\u017esk\u00e9ho MTB poh\u00e1ru 2026: P\u0159ihl\u00e1\u0161en\u00ed z\u00e1vodn\u00edka do z\u00e1vodu bude prob\u00edhat POUZE ONLINE.Online registrace z\u00e1vodn\u00edk\u016f bude ukon\u010dena v\u017edy dva dny p\u0159ed z\u00e1vodem ve 14:00. 1.kolo Motol, sobota 11.4.2026\u00a0&#8211; registrace bude spu\u0161t\u011bna dne 26.3.2026 v 10:00\u00a0\u00a0 Odkaz na registraci &#8211;\u00a0https:\/\/sportt.cz\/register\/1525 2.kolo Motol, ned\u011ble 12.4.2026\u00a0&#8211; registrace bude spu\u0161t\u011bna dne 26.3.2026 v 10:00 [&hellip;]<\/p>\n","protected":false},"author":1,"featured_media":0,"parent":0,"menu_order":1,"comment_status":"closed","ping_status":"closed","template":"","meta":[],"_links":{"self":[{"href":"https:\/\/prahamtb.cz\/index.php?rest_route=\/wp\/v2\/pages\/18"}],"collection":[{"href":"https:\/\/prahamtb.cz\/index.php?rest_route=\/wp\/v2\/pages"}],"about":[{"href":"https:\/\/prahamtb.cz\/index.php?rest_route=\/wp\/v2\/types\/page"}],"author":[{"embeddable":true,"href":"https:\/\/prahamtb.cz\/index.php?rest_route=\/wp\/v2\/users\/1"}],"replies":[{"embeddable":true,"href":"https:\/\/prahamtb.cz\/index.php?rest_route=%2Fwp%2Fv2%2Fcomments&post=18"}],"version-history":[{"count":115,"href":"https:\/\/prahamtb.cz\/index.php?rest_route=\/wp\/v2\/pages\/18\/revisions"}],"predecessor-version":[{"id":7246,"href":"https:\/\/prahamtb.cz\/index.php?rest_route=\/wp\/v2\/pages\/18\/revisions\/7246"}],"wp:attachment":[{"href":"https:\/\/prahamtb.cz\/index.php?rest_route=%2Fwp%2Fv2%2Fmedia&parent=18"}],"curies":[{"name":"wp","href":"https:\/\/api.w.org\/{rel}","templated":true}]}}