{"id":16,"date":"2013-03-17T08:41:00","date_gmt":"2013-03-17T08:41:00","guid":{"rendered":"http:\/\/prahamtb.cz\/?page_id=16"},"modified":"2015-04-28T17:37:12","modified_gmt":"2015-04-28T17:37:12","slug":"video-trati","status":"publish","type":"page","link":"https:\/\/prahamtb.cz\/?page_id=16","title":{"rendered":"Video trati"},"content":{"rendered":"<h1><span style=\"color: #ff0000;\">2015<\/span><\/h1>\n<p><em><strong>1.kolo, 22.3.2015, Zli\u010d\u00edn<\/strong><\/em><br \/>\n<a href=\"https:\/\/www.youtube.com\/watch?v=h8PR6SJBEU0\">Video trati &#8211; 1.kolo &#8211; Zli\u010d\u00edn, 22.3.2015<\/a><\/p>\n<p><strong><span style=\"color: #ff0000;\">Z\u00e1vod Stod\u016flky nen\u00ed za\u0159azen do Pra\u017esk\u00e9ho MTB poh\u00e1ru 2015<\/span> &#8211;\u00a0<\/strong><strong style=\"font-style: italic;\">10.5.2015, Stod\u016flky<\/strong><br \/>\nVideo v\u010detn\u011b map trat\u00ed naleznete <a href=\"http:\/\/sportpomaha.blogspot.cz\/p\/mapy-praha-mtb-stodulky.html\">ZDE<\/a><\/p>\n<p><strong>2013<\/strong><\/p>\n<p><em><strong>Video trati &#8211; Zli\u010d\u00edn<\/strong><\/em><br \/>\n<a href=\"http:\/\/www.youtube.com\/watch?v=GPbW3IAqrbk\">Video trati &#8211; 1.,3.,5. kolo &#8211; Zli\u010d\u00edn _ NOV\u00c9<\/a><\/p>\n<p><em><strong>Video trati &#8211; \u0158epy<\/strong><\/em><br \/>\n<a href=\"http:\/\/youtu.be\/i2VKtw-uMVQ\">Video trati &#8211; 2.kolo \u0158epy<\/a><\/p>\n<p><em><strong>Video trati &#8211; Stod\u016flky<\/strong><\/em><br \/>\n<a href=\"http:\/\/www.youtube.com\/watch?v=OHafJO3xANI\">Video &#8211; 4.kolo &#8211; Stod\u016flky<\/a><\/p>\n","protected":false},"excerpt":{"rendered":"<a href=\"https:\/\/prahamtb.cz\/?page_id=16\"><img width=\"150\" src=\"\" class=\"alignleft wp-post-image tfe\" alt=\"\" title=\"\" \/><\/a><p>2015 1.kolo, 22.3.2015, Zli\u010d\u00edn Video trati &#8211; 1.kolo &#8211; Zli\u010d\u00edn, 22.3.2015 Z\u00e1vod Stod\u016flky nen\u00ed za\u0159azen do Pra\u017esk\u00e9ho MTB poh\u00e1ru 2015 &#8211;\u00a010.5.2015, Stod\u016flky Video v\u010detn\u011b map trat\u00ed naleznete ZDE 2013 Video trati &#8211; Zli\u010d\u00edn Video trati &#8211; 1.,3.,5. kolo &#8211; Zli\u010d\u00edn _ NOV\u00c9 Video trati &#8211; \u0158epy Video trati &#8211; 2.kolo \u0158epy Video trati &#8211; Stod\u016flky [&hellip;]<\/p>\n","protected":false},"author":1,"featured_media":0,"parent":8,"menu_order":0,"comment_status":"closed","ping_status":"open","template":"","meta":[],"_links":{"self":[{"href":"https:\/\/prahamtb.cz\/index.php?rest_route=\/wp\/v2\/pages\/16"}],"collection":[{"href":"https:\/\/prahamtb.cz\/index.php?rest_route=\/wp\/v2\/pages"}],"about":[{"href":"https:\/\/prahamtb.cz\/index.php?rest_route=\/wp\/v2\/types\/page"}],"author":[{"embeddable":true,"href":"https:\/\/prahamtb.cz\/index.php?rest_route=\/wp\/v2\/users\/1"}],"replies":[{"embeddable":true,"href":"https:\/\/prahamtb.cz\/index.php?rest_route=%2Fwp%2Fv2%2Fcomments&post=16"}],"version-history":[{"count":12,"href":"https:\/\/prahamtb.cz\/index.php?rest_route=\/wp\/v2\/pages\/16\/revisions"}],"predecessor-version":[{"id":3442,"href":"https:\/\/prahamtb.cz\/index.php?rest_route=\/wp\/v2\/pages\/16\/revisions\/3442"}],"up":[{"embeddable":true,"href":"https:\/\/prahamtb.cz\/index.php?rest_route=\/wp\/v2\/pages\/8"}],"wp:attachment":[{"href":"https:\/\/prahamtb.cz\/index.php?rest_route=%2Fwp%2Fv2%2Fmedia&parent=16"}],"curies":[{"name":"wp","href":"https:\/\/api.w.org\/{rel}","templated":true}]}}