{"id":14,"date":"2013-03-17T08:40:27","date_gmt":"2013-03-17T08:40:27","guid":{"rendered":"http:\/\/prahamtb.cz\/?page_id=14"},"modified":"2024-04-19T07:48:22","modified_gmt":"2024-04-19T07:48:22","slug":"trasy-zavodu","status":"publish","type":"page","link":"https:\/\/prahamtb.cz\/?page_id=14","title":{"rendered":"Trasy z\u00e1vod\u016f"},"content":{"rendered":"<h1><span style=\"color: #ff0000;\">2024<\/span><\/h1>\n<h3><strong><span style=\"color: #0000ff;\">1.kolo MOTOL, sobota 6.4.2024.\u00a0 XCC \u017elut\u00fd okruh &#8211; trasa <a style=\"color: #0000ff;\" href=\"https:\/\/www.google.cz\/maps\/@50.0724098,14.3326241,16z\/data=!4m2!6m1!1s11H2ekpDJGm0MT72UseRCXP5tEpTB6Eqp?hl=cs&amp;authuser=0\">ZDE<\/a><\/span><\/strong><\/h3>\n<h3><strong><span style=\"color: #0000ff;\">2.kolo MOTOL, ned\u011ble 7.4.2024 &#8211; trasa <a style=\"color: #0000ff;\" href=\"https:\/\/www.google.cz\/maps\/@50.0724098,14.3326241,16z\/data=!4m2!6m1!1s11H2ekpDJGm0MT72UseRCXP5tEpTB6Eqp?hl=cs&amp;authuser=0\">ZDE<\/a><\/span><\/strong><\/h3>\n<h3><strong><span style=\"color: #0000ff;\">3. a 4. kolo ZLI\u010c\u00cdN, sobota a ned\u011ble\u00a0 27. a 28. 4.2024<\/span><\/strong><\/h3>\n<div class=\"wp-block-file\"><a id=\"wp-block-file--media-c950a61c-c7a1-4316-b172-4f6076d0835e\" href=\"https:\/\/prahamtb.cz\/wp-content\/uploads\/2024\/04\/PRAZSKY-MTB-POHAR-ODRAZEDLA.pdf\">PRAZSKY-MTB-POHAR-ODRAZEDLA<\/a><a class=\"wp-block-file__button wp-element-button\" href=\"https:\/\/prahamtb.cz\/wp-content\/uploads\/2024\/04\/PRAZSKY-MTB-POHAR-ODRAZEDLA.pdf\" download=\"\" aria-describedby=\"wp-block-file--media-c950a61c-c7a1-4316-b172-4f6076d0835e\">St\u00e1hnout<\/a><\/div>\n<div class=\"wp-block-file\"><a id=\"wp-block-file--media-93470333-f6c4-4cf6-a826-113a417c6c37\" href=\"https:\/\/prahamtb.cz\/wp-content\/uploads\/2024\/04\/PRAZSKY-MTB-POHAR-DETI-3-6-LET.pdf\">PRAZSKY-MTB-POHAR-DETI-3-6-LET<\/a><a class=\"wp-block-file__button wp-element-button\" href=\"https:\/\/prahamtb.cz\/wp-content\/uploads\/2024\/04\/PRAZSKY-MTB-POHAR-DETI-3-6-LET.pdf\" download=\"\" aria-describedby=\"wp-block-file--media-93470333-f6c4-4cf6-a826-113a417c6c37\">St\u00e1hnout<\/a><\/div>\n<div class=\"wp-block-file\"><a id=\"wp-block-file--media-99e76274-227c-4dc5-9f70-42e82a17eff6\" href=\"https:\/\/prahamtb.cz\/wp-content\/uploads\/2024\/04\/PRAZSKY-MTB-POHAR-DETI-7-10-LET.pdf\">PRAZSKY-MTB-POHAR-DETI-7-10-LET<\/a><a class=\"wp-block-file__button wp-element-button\" href=\"https:\/\/prahamtb.cz\/wp-content\/uploads\/2024\/04\/PRAZSKY-MTB-POHAR-DETI-7-10-LET.pdf\" download=\"\" aria-describedby=\"wp-block-file--media-99e76274-227c-4dc5-9f70-42e82a17eff6\">St\u00e1hnout<\/a><\/div>\n<div class=\"wp-block-file\"><a id=\"wp-block-file--media-dea5a4f4-4a51-4e6d-9bed-91d2f1c4853b\" href=\"https:\/\/prahamtb.cz\/wp-content\/uploads\/2024\/04\/PRAZSKY-MTB-POHAR-HLAVNI-OKRUH.pdf\">PRAZSKY-MTB-POHAR-HLAVNI-OKRUH<\/a><a class=\"wp-block-file__button wp-element-button\" href=\"https:\/\/prahamtb.cz\/wp-content\/uploads\/2024\/04\/PRAZSKY-MTB-POHAR-HLAVNI-OKRUH.pdf\" download=\"\" aria-describedby=\"wp-block-file--media-dea5a4f4-4a51-4e6d-9bed-91d2f1c4853b\">St\u00e1hnout<\/a><\/div>\n<hr \/>\n<h1><span style=\"color: #ff0000;\">2023<\/span><\/h1>\n<h3><strong><span style=\"color: #0000ff;\">1.kolo MOTOL, ned\u011ble 19.3.2023 &#8211; trasa <a style=\"color: #0000ff;\" href=\"https:\/\/www.google.cz\/maps\/@50.0724098,14.3326241,16z\/data=!4m2!6m1!1s11H2ekpDJGm0MT72UseRCXP5tEpTB6Eqp?hl=cs&amp;authuser=0\">ZDE<\/a><\/span><\/strong><\/h3>\n<h3><strong><span style=\"color: #0000ff;\">2. kolo KBELY, pond\u011bl\u00ed 1.5.2023<\/span><\/strong><\/h3>\n<h3><strong><span style=\"color: #0000ff;\">3. kolo ZLI\u010c\u00cdN 1, sobota 3.6.2023<\/span><\/strong><\/h3>\n<p style=\"padding-left: 40px;\"><a href=\"https:\/\/prahamtb.cz\/wp-content\/uploads\/2013\/03\/Zli%C4%8D%C3%ADn-1_trasa_odr%C3%A1%C5%BEedla.pdf\">Zli\u010d\u00edn 1_trasa_odr\u00e1\u017eedla<\/a><br \/>\n<a href=\"https:\/\/prahamtb.cz\/wp-content\/uploads\/2013\/03\/Zli%C4%8D%C3%ADn-1_trasa__d%C4%9Bti-3_6-let.pdf\">Zli\u010d\u00edn 1_trasa__d\u011bti 3_6 let<\/a><br \/>\n<a href=\"https:\/\/prahamtb.cz\/wp-content\/uploads\/2013\/03\/Zli%C4%8D%C3%ADn-1_trasa__d%C4%9Bti-7_10-let.pdf\">Zli\u010d\u00edn 1_trasa__d\u011bti 7_10 let<\/a><br \/>\n<a href=\"https:\/\/prahamtb.cz\/wp-content\/uploads\/2013\/03\/Zli%C4%8D%C3%ADn-1_trasa_hlavn%C3%AD-okruh.pdf\">Zli\u010d\u00edn 1_trasa_hlavn\u00ed okruh<\/a><\/p>\n<h3><strong><span style=\"color: #0000ff;\">4. kolo ZLI\u010c\u00cdN 2, NED\u011aLE 4.6.2023<\/span><\/strong><\/h3>\n<p style=\"padding-left: 40px;\"><a href=\"https:\/\/prahamtb.cz\/wp-content\/uploads\/2013\/03\/Zli%C4%8D%C3%ADn-2_trasa_odr%C3%A1%C5%BEedla.pdf\" data-rich-text-format-boundary=\"true\">Zli\u010d\u00edn 2_trasa_odr\u00e1\u017eedla<\/a><br data-rich-text-line-break=\"true\" \/><a href=\"https:\/\/prahamtb.cz\/wp-content\/uploads\/2013\/03\/Zli%C4%8D%C3%ADn-2_trasa__d%C4%9Bti-3_6-let.pdf\">Zli\u010d\u00edn 2_trasa__d\u011bti 3_6 let<\/a><br data-rich-text-line-break=\"true\" \/><a href=\"https:\/\/prahamtb.cz\/wp-content\/uploads\/2013\/03\/Zli%C4%8D%C3%ADn-2_trasa__d%C4%9Bti-7_10-let1.pdf\">Zli\u010d\u00edn 2_trasa__d\u011bti 7_10 let<\/a><br data-rich-text-line-break=\"true\" \/><a href=\"https:\/\/prahamtb.cz\/wp-content\/uploads\/2013\/03\/Zli%C4%8D%C3%ADn-2_trasa_hlavn%C3%AD-okruh.pdf\">Zli\u010d\u00edn 2_trasa_hlavn\u00ed okru<\/a><\/p>\n<p>5. kolo LIBU\u0160, ned\u011ble 3.9.2023<\/p>\n<h6>___________________________________________________________________________________________________________________<\/h6>\n<h1><span style=\"color: #ff0000;\">2021<\/span><\/h1>\n<p><span style=\"color: #0000ff;\">1.kolo BECKOV &#8211;<\/span><\/p>\n<p><span style=\"color: #0000ff;\">2.kolo &#8211; Zli\u010d\u00edn 1:<\/span><\/p>\n<p><a href=\"https:\/\/prahamtb.cz\/wp-content\/uploads\/2013\/03\/Zli%C4%8D%C3%ADn-1_trasa_odr%C3%A1%C5%BEedla.pdf\">Zli\u010d\u00edn 1_trasa_odr\u00e1\u017eedla<\/a><br \/>\n<a href=\"https:\/\/prahamtb.cz\/wp-content\/uploads\/2013\/03\/Zli%C4%8D%C3%ADn-1_trasa__d%C4%9Bti-3_6-let.pdf\">Zli\u010d\u00edn 1_trasa__d\u011bti 3_6 let<\/a><br \/>\n<a href=\"https:\/\/prahamtb.cz\/wp-content\/uploads\/2013\/03\/Zli%C4%8D%C3%ADn-1_trasa__d%C4%9Bti-7_10-let.pdf\">Zli\u010d\u00edn 1_trasa__d\u011bti 7_10 let<\/a><br \/>\n<a href=\"https:\/\/prahamtb.cz\/wp-content\/uploads\/2013\/03\/Zli%C4%8D%C3%ADn-1_trasa_hlavn%C3%AD-okruh.pdf\">Zli\u010d\u00edn 1_trasa_hlavn\u00ed okruh<\/a><\/p>\n<p><span style=\"color: #0000ff;\">3. kolo &#8211; Zli\u010d\u00edn 2:<\/span><\/p>\n<p><a href=\"https:\/\/prahamtb.cz\/wp-content\/uploads\/2013\/03\/Zli%C4%8D%C3%ADn-2_trasa_odr%C3%A1%C5%BEedla.pdf\">Zli\u010d\u00edn 2_trasa_odr\u00e1\u017eedla<\/a><br \/>\n<a href=\"https:\/\/prahamtb.cz\/wp-content\/uploads\/2013\/03\/Zli%C4%8D%C3%ADn-2_trasa__d%C4%9Bti-3_6-let.pdf\">Zli\u010d\u00edn 2_trasa__d\u011bti 3_6 let<\/a><br \/>\n<a href=\"https:\/\/prahamtb.cz\/wp-content\/uploads\/2013\/03\/Zli%C4%8D%C3%ADn-2_trasa__d%C4%9Bti-7_10-let1.pdf\">Zli\u010d\u00edn 2_trasa__d\u011bti 7_10 let<\/a><br \/>\n<a href=\"https:\/\/prahamtb.cz\/wp-content\/uploads\/2013\/03\/Zli%C4%8D%C3%ADn-2_trasa_hlavn%C3%AD-okruh.pdf\">Zli\u010d\u00edn 2_trasa_hlavn\u00ed okruh<\/a><\/p>\n<p><span style=\"color: #0000ff;\">4. a 5. kolo &#8211; MOTOL 1 a 2:<\/span><\/p>\n<p>Mapa \u2013 hlavn\u00ed okruh + \u017e\u00e1kovsk\u00fd okruh + d\u011btsk\u00e9 okruhy &#8211; <a href=\"https:\/\/www.google.cz\/maps\/@50.0735217,14.3361495,17z\/data=!4m2!6m1!1s11H2ekpDJGm0MT72UseRCXP5tEpTB6Eqp?hl=cs&amp;authuser=0\">ZDE<\/a><\/p>\n<h1><span style=\"color: #ff0000;\">2020<\/span><\/h1>\n<p><em style=\"color: #0000ff;\"><strong>1.kolo \u2013 7.\u010dervna 2020, Beckov<\/strong><\/em><br \/>\n<a style=\"color: #0f3647;\" href=\"https:\/\/prahamtb.cz\/wp-content\/uploads\/2013\/03\/Mapy_trat%C3%AD_PP_Beckov_2020-v2.pdf\">Mapy_trat\u00ed_PP_Beckov_2020 v2<\/a><\/p>\n<p><em style=\"color: #0000ff;\"><strong>2.kolo \u2013 21.\u010dervna 2020, Kbely\u00a0<\/strong><\/em><br \/>\n<strong>Mapy tras pro jednotliv\u00e9 kategorie:<\/strong><br \/>\nmapa trasy d\u011bti 3 \u2013 6 let\u00a0<a style=\"color: #89090b;\" href=\"https:\/\/mapy.cz\/zakladni?mereni-vzdalenosti&amp;x=14.5314496&amp;y=50.1385163&amp;z=17&amp;base=ophoto&amp;rm=9hRU-xYLaoXEJvQ1PEHvN0fmWQD6NKhPILa\">ZDE<\/a><br \/>\nmapa trasy d\u011bti 7 \u2013 10 let\u00a0<a style=\"color: #89090b;\" href=\"https:\/\/mapy.cz\/zakladni?mereni-vzdalenosti&amp;x=14.5314496&amp;y=50.1385163&amp;z=17&amp;base=ophoto&amp;rm=9hRYVxYLaBXN6OL2T460ZQ6ISsIw49K2QvLCNoJ505MgKpR5JtObHBFXNyFiP4OzQ3O4PWJpRhMhOENuOEMsOJNMOUMS6nLI6lKvKbMNPKLiKcK1OTJ3MoLnLlNN4AMI4cKnJ-M0IagS1Do\">ZDE<\/a><br \/>\nmapa hlavn\u00ed okruh\u00a0<a style=\"color: #89090b;\" href=\"https:\/\/mapy.cz\/zakladni?mereni-vzdalenosti&amp;x=14.5312780&amp;y=50.1384475&amp;z=17&amp;base=ophoto&amp;rm=9hRY5xYL-nZnL2V1Qq-0YYMNUfL0NzLnONLNNQ6n8zMiRMMNPnKnSx4rOdGSLlJrLJJ1GgK3GQPnIJOnMjKnH36nMCM0IaOnNyM1KGO1NhN1LULnKXP1NzMNKXJnMT6NL2LNLU6NMBL1L2HNKGM1PaMNOuNngOvJnIrK1QqKnN0Infm5RnJ4O1H6fmnPb61PaPnQqJ0RYON6OLNOd60NyMNQI6EOdK3NRLrKnLWOSLWLVL2OuIrMHM16w6IOBY2L2Q1NyNnKXONNh6NLl61ONMNPsLNMBM1ONK1LUKn6fNnPKL06ON06wL1NRH1L2J1OdKnLUL06wJn6OJNOd6NQ-JnNhN0ElKnFS40KXIn4MLNCqTnJpNn8AMNSENnRXPNLlM1J-ONLUN0JZR1KXMnJpNnL2L1KXNNJ-gSn2mNSMZ\">ZDE<\/a><\/p>\n<p><strong><em><span style=\"color: #0000ff;\">5. a 6.kolo &#8211; 12. a 13.9.2020, Libu\u0161 1 a 2<\/span><\/em><\/strong><br \/>\n<span style=\"color: #000000;\"><span style=\"color: #000000;\"><strong>Mapy tras pro jednotliv\u00e9 kategorie:<\/strong><\/span><\/span><br \/>\n<a style=\"color: #89090b;\" href=\"https:\/\/prahamtb.cz\/wp-content\/uploads\/2013\/03\/PMTBP-2019_5-kolo-Libu%C5%A1_mapa-hlavn%C3%AD-okruh.pdf\">PMTBP 2019_5 kolo Libu\u0161_mapa hlavn\u00ed okruh<\/a><br \/>\n<a style=\"color: #89090b;\" href=\"https:\/\/prahamtb.cz\/wp-content\/uploads\/2013\/03\/PMTBP-2019_5-kolo-Libu%C5%A1_mapa-zkr%C3%A1cen%C3%BD-d%C4%9Btsk%C3%BD-okruh.pdf\">PMTBP 2019_5 kolo Libu\u0161_mapa zkr\u00e1cen\u00fd d\u011btsk\u00fd okruh<\/a><br \/>\n<a style=\"color: #89090b;\" href=\"https:\/\/prahamtb.cz\/wp-content\/uploads\/2013\/03\/PMTBP-2019_5-kolo-Libu%C5%A1_mapa-d%C4%9Btsk%C3%BD-okruh.pdf\">PMTBP 2019_5 kolo Libu\u0161_mapa d\u011btsk\u00fd okruh<\/a><br \/>\n<a style=\"color: #89090b;\" href=\"https:\/\/prahamtb.cz\/wp-content\/uploads\/2013\/03\/PMTBP-2019_5-kolo-Libu%C5%A1_mapa-%C5%BE%C3%A1kovsk%C3%BD-okruh.pdf\">PMTBP 2019_5 kolo Libu\u0161_mapa \u017e\u00e1kovsk\u00fd okruh<\/a><\/p>\n<h1><\/h1>\n<h1><span style=\"color: #ff0000;\">2017<\/span><\/h1>\n<p><em><strong>Trasa 2.kola &#8211; Zli\u010d\u00edn, 9.4.2017<\/strong><\/em><br \/>\n<a href=\"https:\/\/prahamtb.cz\/wp-content\/uploads\/2013\/03\/Zlicin_trasa_detske-okruhy_2-kolo-PMTBP.pdf\">Zlicin_trasa_detske okruhy_2 kolo PMTBP<\/a><br \/>\n<a href=\"https:\/\/prahamtb.cz\/wp-content\/uploads\/2013\/03\/Zlicin_trasa_zavodni-okruh_2-kolo-PMTBP.pdf\">Zlicin_trasa_zavodni okruh_2 kolo PMTBP<\/a><\/p>\n<p><em><strong>Trasa 5.kola &#8211; Kbely, 24.9.2017<\/strong><\/em><br \/>\nMapa trasy \u2013 odr\u00e1\u017eedla\u00a0<a style=\"color: #89090b;\" href=\"https:\/\/mapy.cz\/zakladni?mereni-vzdalenosti&amp;x=14.5314496&amp;y=50.1385163&amp;z=17&amp;base=ophoto&amp;rm=9hQx4xYLiPgY0DY\">ZDE<\/a><br \/>\nMapa trasy d\u011bt\u00ed 3 \u2013 6 let\u00a0<a style=\"color: #89090b;\" href=\"https:\/\/mapy.cz\/zakladni?mereni-vzdalenosti&amp;x=14.5314496&amp;y=50.1385163&amp;z=17&amp;base=ophoto&amp;rm=9hRU4xYL-nVNHv21G00NJ4R0X-Q1T8R0LV\">ZDE<\/a><br \/>\nMapa trasy d\u011bt\u00ed 7 \u2013 10 let\u00a0<a style=\"color: #89090b;\" href=\"https:\/\/mapy.cz\/zakladni?mereni-vzdalenosti&amp;x=14.5314496&amp;y=50.1385163&amp;z=17&amp;base=ophoto&amp;rm=9hRYVxYLaBXN6OM0YoG0L2NnKXPN49N1KF00PKN0ONR0TCINSmONOd4NNQHNK7K1KnKnJ-M0IagS1Do\">ZDE<\/a><br \/>\nMapa \u2013 hlavn\u00ed okruh\u00a0<a style=\"color: #89090b;\" href=\"https:\/\/mapy.cz\/zakladni?mereni-vzdalenosti&amp;x=14.5312780&amp;y=50.1384475&amp;z=17&amp;base=ophoto&amp;rm=9hRY5xYL-nZnL2V1Qq-0YYMNUfL0NzLnONLNNQ6n8zKn6fKnN0N0QIInLk61Q14n6e6NOdPNMj61PKL0QpJnNRMNHvL0MTM0Qq40KnL0LVK0MiK1JpP0LlNn2nPnIJOnMjKnH36nMCM0IaOnNyM1KGO1NhN1LULnKXP1NzMNKXJnMT6NL2LNLU6NMBL1L2HNKGM1PaMNOuNngOvJnIrK1QqKnN0Infm5RnJ4O1H6fmnPb61PaPnQqJ0RYON6OLNOd60NyMNQIONQIQNOMNnKXONNh6NLl61ONMNPsLNMBM1ONK1LUKn6fNnPKL06ON06wL1NRH1L2J1OdKnLUL06wJn6OJNOd6NQ-JnNhN0ElKnFS40KXIn4MLNCqTnJpNn8AMNSENnRXPNLlM1J-ONLUN0JZR1KXMnJpNnL2L1KXNNJ-gSn2m\">ZDE<\/a><\/p>\n<h1>2016<\/h1>\n<p><em><strong>Trasa 2.kola &#8211; Kbely, 15.5.2016<\/strong><\/em><br \/>\n<a href=\"https:\/\/prahamtb.cz\/wp-content\/uploads\/2013\/03\/Kbely_trasa_hlavn\u00ed-okruh.pdf\">Kbely_trasa_hlavn\u00ed okruh<\/a><br \/>\n<a href=\"https:\/\/prahamtb.cz\/wp-content\/uploads\/2013\/03\/Kbely_trasa_d\u011bti-do-10-let.pdf\">Kbely_trasa_d\u011bti do 10 let<\/a><br \/>\n<a href=\"https:\/\/prahamtb.cz\/wp-content\/uploads\/2013\/03\/Kbely_trasa_d\u011bti-do-6-let.pdf\">Kbely_trasa_d\u011bti do 6 let<\/a><\/p>\n<p><em><strong>Trasa 3.kola &#8211; Beckov, 5.6.2016<\/strong><\/em><br \/>\nTrasy z\u00e1vodu 3.kola naleznete\u00a0<a href=\"https:\/\/prahamtb.cz\/wp-content\/uploads\/2013\/03\/Mapy_trat%C3%AD_PP_Beckov_2016.pdf\">ZDE<\/a><\/p>\n<p><em><strong>Trasa 4.kola &#8211; Libu\u0161, 18.9.2016<\/strong><\/em><br \/>\n<a href=\"https:\/\/prahamtb.cz\/wp-content\/uploads\/2013\/03\/Libu\u0161_hlavn\u00ed-okruh1.pdf\">Libu\u0161_hlavn\u00ed okruh<\/a><br \/>\n<a href=\"https:\/\/prahamtb.cz\/wp-content\/uploads\/2013\/03\/Libu\u0161_trasa-z\u00e1vodu_d\u011btsk\u00fd-okruh2.pdf\">Libu\u0161_trasa z\u00e1vodu_d\u011btsk\u00fd okruh<\/a><\/p>\n<h1><span style=\"color: #ff0000;\">2015<\/span><\/h1>\n<p><em><strong>Trasa 1.kola &#8211; Zli\u010d\u00edn, 22.3.2015<\/strong><\/em><br \/>\nTrasu z\u00e1vodu 1.kola naleznete <a href=\"http:\/\/url1.eu\/7n4%20\">ZDE<\/a><\/p>\n<p><em><strong>Trasa 2.kola &#8211; \u0158epy, 6.4.2015<\/strong><\/em><br \/>\nTrasu z\u00e1vodu 2.kola naleznete <a href=\"https:\/\/www.google.com\/maps\/d\/edit?hl=cs&amp;authuser=0&amp;mid=zCkXrkI_hyCU.kjMEokhW9N28\">ZDE<\/a><\/p>\n<p><em><strong>Trasa 3.kola &#8211; Kbely, 8.5.2015<\/strong><\/em><br \/>\nviz propozice<\/p>\n<p><em><strong><span style=\"color: #ff0000;\">Z\u00e1vod\u00a0Stod\u016flky nen\u00ed za\u0159azen do Pra\u017esk\u00e9ho MTB poh\u00e1ru 2015<\/span>, 10.5.2015<\/strong><\/em><br \/>\nTrasu z\u00e1vodu 4.kola naleznete <a href=\"http:\/\/sportpomaha.blogspot.cz\/p\/mapy-praha-mtb-stodulky.html\">ZDE<\/a><\/p>\n<p><em><strong>Trasa 4.kola &#8211; Libu\u0161, 13.9.2015<\/strong><\/em><br \/>\n<a href=\"https:\/\/prahamtb.cz\/wp-content\/uploads\/2013\/03\/Libu\u0161_trasa-z\u00e1vodu.pdf\">Libu\u0161_trasa z\u00e1vodu<\/a><br \/>\n<a href=\"https:\/\/prahamtb.cz\/wp-content\/uploads\/2013\/03\/Libu\u0161_trasa-z\u00e1vodu_d\u011btsk\u00fd-okruh.pdf\" rel=\"&quot;\">Libu\u0161_trasa z\u00e1vodu_d\u011btsk\u00fd okruh<\/a><\/p>\n<p><em><strong>Trasa 5.kola &#8211; Zli\u010d\u00edn, 20.9.2015<\/strong><\/em><br \/>\n<a href=\"https:\/\/prahamtb.cz\/wp-content\/uploads\/2013\/03\/Zlicin_trasa_zavodni-okruh_5-kolo-PMTBP.pdf\">Zlicin_trasa_zavodni okruh_5 kolo PMTBP<\/a><br \/>\n<a href=\"https:\/\/prahamtb.cz\/wp-content\/uploads\/2013\/03\/Zlicin_trasa_detske-okruhy_5-kolo-PMTBP.pdf\">Zlicin_trasa_detske okruhy_5 kolo PMTBP<\/a><\/p>\n<h1><span style=\"color: #ff0000;\"><strong>2014<\/strong><\/span><\/h1>\n<p><em><strong>Trasa 1.kola &#8211; Zli\u010d\u00edn, 23.3.2014<\/strong><\/em><br \/>\n<a href=\"https:\/\/prahamtb.cz\/wp-content\/uploads\/2013\/03\/mapa-trasy-Zlicin.pdf\">mapa trasy Zlicin<\/a><br \/>\n<a href=\"https:\/\/prahamtb.cz\/wp-content\/uploads\/2014\/03\/trasa-Zlicin_deti-4_10.pdf\">trasa Zlicin_deti 4_10<\/a><br \/>\n<a href=\"https:\/\/prahamtb.cz\/wp-content\/uploads\/2014\/03\/trasa-Zlicin_odrazedla.pdf\">trasa Zlicin_odrazedla<\/a><\/p>\n<p><em><strong>Trasa 3.kola &#8211; Kbely, 4.5.2014<\/strong><\/em><br \/>\n<a href=\"https:\/\/prahamtb.cz\/wp-content\/uploads\/2013\/03\/mapa-trasy-Kbely.pdf\">mapa trasy Kbely<\/a><br \/>\n<a href=\"https:\/\/prahamtb.cz\/wp-content\/uploads\/2013\/03\/mapa-trasy-Kbely_parkoviste.pdf\">mapa trasy Kbely_parkoviste<\/a><\/p>\n<p><em><strong>Trasa 4.kola &#8211; Libu\u0161, 14.9.2014<\/strong><\/em><br \/>\n<a href=\"https:\/\/prahamtb.cz\/wp-content\/uploads\/2014\/09\/mapa-trasy-Libus.pdf\">mapa trasy Libus<\/a><br \/>\n<a href=\"https:\/\/prahamtb.cz\/wp-content\/uploads\/2013\/03\/D\u011btsk\u00e1-tra\u0165-Libu\u0161.pdf\">D\u011btsk\u00e1 tra\u0165 Libu\u0161<\/a><\/p>\n<p><em><strong>Trasa 5.kola &#8211; \u0158epy, 21.9.2014<\/strong><\/em><br \/>\n<a href=\"https:\/\/prahamtb.cz\/wp-content\/uploads\/2013\/03\/Trasa-\u0158epy_5-kolo.pdf\">Trasa \u0158epy_5 kolo<\/a><\/p>\n<p><span style=\"color: #ff0000;\"><strong>2013<\/strong><\/span><\/p>\n<p><em><strong>Mapa trasy &#8211; 1.,3.,5. kolo\u00a0 Zli\u010d\u00edn<br \/>\n<\/strong><\/em><\/p>\n<p><a href=\"http:\/\/goo.gl\/maps\/iJRt3\">google maps &#8211; mapa trasy Zli\u010d\u00edn<\/a><\/p>\n<p><em><strong>Mapa trasy &#8211; 2.kolo\u00a0 1.6.2013\u00a0 \u0158epy &#8211; ZM\u011aNA<br \/>\n<\/strong><\/em><\/p>\n<p><a href=\"https:\/\/prahamtb.cz\/wp-content\/uploads\/2013\/03\/CP-XCO_Praha-Repy_trasa-zavodu.pdf\">Mapa trasy okruhu &#8211; 2.kolo \u0158epy <\/a><\/p>\n<p><a href=\"http:\/\/goo.gl\/maps\/PTsyh\">google maps &#8211; mapa trasy \u0158epy<\/a><\/p>\n","protected":false},"excerpt":{"rendered":"<a href=\"https:\/\/prahamtb.cz\/?page_id=14\"><img width=\"150\" src=\"\" class=\"alignleft wp-post-image tfe\" alt=\"\" title=\"\" \/><\/a><p>2024 1.kolo MOTOL, sobota 6.4.2024.\u00a0 XCC \u017elut\u00fd okruh &#8211; trasa ZDE 2.kolo MOTOL, ned\u011ble 7.4.2024 &#8211; trasa ZDE 3. a 4. kolo ZLI\u010c\u00cdN, sobota a ned\u011ble\u00a0 27. a 28. 4.2024 PRAZSKY-MTB-POHAR-ODRAZEDLASt\u00e1hnout PRAZSKY-MTB-POHAR-DETI-3-6-LETSt\u00e1hnout PRAZSKY-MTB-POHAR-DETI-7-10-LETSt\u00e1hnout PRAZSKY-MTB-POHAR-HLAVNI-OKRUHSt\u00e1hnout 2023 1.kolo MOTOL, ned\u011ble 19.3.2023 &#8211; trasa ZDE 2. kolo KBELY, pond\u011bl\u00ed 1.5.2023 3. kolo ZLI\u010c\u00cdN 1, sobota 3.6.2023 Zli\u010d\u00edn 1_trasa_odr\u00e1\u017eedla [&hellip;]<\/p>\n","protected":false},"author":1,"featured_media":0,"parent":8,"menu_order":0,"comment_status":"closed","ping_status":"open","template":"","meta":[],"_links":{"self":[{"href":"https:\/\/prahamtb.cz\/index.php?rest_route=\/wp\/v2\/pages\/14"}],"collection":[{"href":"https:\/\/prahamtb.cz\/index.php?rest_route=\/wp\/v2\/pages"}],"about":[{"href":"https:\/\/prahamtb.cz\/index.php?rest_route=\/wp\/v2\/types\/page"}],"author":[{"embeddable":true,"href":"https:\/\/prahamtb.cz\/index.php?rest_route=\/wp\/v2\/users\/1"}],"replies":[{"embeddable":true,"href":"https:\/\/prahamtb.cz\/index.php?rest_route=%2Fwp%2Fv2%2Fcomments&post=14"}],"version-history":[{"count":46,"href":"https:\/\/prahamtb.cz\/index.php?rest_route=\/wp\/v2\/pages\/14\/revisions"}],"predecessor-version":[{"id":6873,"href":"https:\/\/prahamtb.cz\/index.php?rest_route=\/wp\/v2\/pages\/14\/revisions\/6873"}],"up":[{"embeddable":true,"href":"https:\/\/prahamtb.cz\/index.php?rest_route=\/wp\/v2\/pages\/8"}],"wp:attachment":[{"href":"https:\/\/prahamtb.cz\/index.php?rest_route=%2Fwp%2Fv2%2Fmedia&parent=14"}],"curies":[{"name":"wp","href":"https:\/\/api.w.org\/{rel}","templated":true}]}}