{"id":10,"date":"2013-03-17T08:39:48","date_gmt":"2013-03-17T08:39:48","guid":{"rendered":"http:\/\/prahamtb.cz\/?page_id=10"},"modified":"2026-02-18T09:42:49","modified_gmt":"2026-02-18T09:42:49","slug":"kalendar-zavodu","status":"publish","type":"page","link":"https:\/\/prahamtb.cz\/?page_id=10","title":{"rendered":"Kalend\u00e1\u0159 z\u00e1vod\u016f"},"content":{"rendered":"<h3>2026<\/h3>\n<p>Term\u00edny \u0160KODA Pra\u017esk\u00fd MTB poh\u00e1r 2026<\/p>\n<p>sobota 11. dubna\u00a0 \u00a0 \u00a0 \u00a0 \u00a0XCC\u00a0 \u00a0 \u00a0 \u00a0 Traily Motol\u00a0 \u00a0 \u00a0 \u00a0 \u00a0 \u00a0 \u00a0 \u00a0 \u00a0 \u00a0 \u00a0 \u00a0 \u00a0Mistrovstv\u00ed Prahy XCC 2026<\/p>\n<p>ned\u011ble 12. dubna.\u00a0 \u00a0 \u00a0 \u00a0XCO \u00a0 \u00a0 \u00a0 \u00a0Traily Motol\u00a0 \u00a0 \u00a0 \u00a0 \u00a0 \u00a0 \u00a0 \u00a0 \u00a0 \u00a0 \u00a0 \u00a0 \u00a0Memori\u00e1l Petra Marka 2.ro\u010dn\u00edk<\/p>\n<p>sobota 16.kv\u011btna.\u00a0 \u00a0 \u00a0 \u00a0 XCO\u00a0 \u00a0 \u00a0 \u00a0Let\u0148ansk\u00fd pahorek\u00a0 \u00a0 \u00a0 \u00a0 \u00a0 \u00a0 \u00a0 \u00a0Mistrovstv\u00ed Prahy XCO<\/p>\n<p>ned\u011ble 17. kv\u011btna.\u00a0 \u00a0 \u00a0 \u00a0 XCO\u00a0 \u00a0 \u00a0 \u00a0Kbelsk\u00fd pahorek<\/p>\n<h3><span style=\"color: #ff0000;\">2025<\/span><\/h3>\n<h3><span style=\"color: #ff0000;\"><strong>Term\u00edny \u0160KODA Pra\u017esk\u00fd MTB poh\u00e1r 2025<\/strong><\/span><\/h3>\n<p>sobota \u00a0\u00a029. b\u0159ezna \u00a0XCC\u00a0\u00a0\u00a0 Traily Motol\u00a0 \u00a0 \u00a0 \u00a0 \u00a0 \u00a0 \u00a0 \u00a0 \u00a0 \u00a0 \u00a0 \u00a0 \u00a0 \u00a0 \u00a0 \u00a0 \u00a0 \u00a0Mistrovstv\u00ed Prahy XCC<\/p>\n<p>ned\u011ble \u00a0\u00a030. b\u0159ezna \u00a0XCO \u00a0 \u00a0Traily Motol\u00a0 \u00a0 \u00a0 \u00a0 \u00a0 \u00a0 \u00a0 \u00a0 \u00a0 \u00a0 \u00a0 \u00a0 \u00a0 \u00a0 \u00a0 \u00a0 \u00a0 \u00a0Memori\u00e1l Petra Marka<\/p>\n<p>\u010dtvrtek \u00a0\u00a0\u00a0\u00a01. kv\u011btna \u00a0\u00a0XCO\u00a0\u00a0\u00a0 Lesopark Let\u0148any \u2013 Kbely \u00a0\u00a0\u00a0\u00a0\u00a0 \u00a0\u00a0 KNAUF Velk\u00e1 cena M\u010c Praha Kbely\u00a0<\/p>\n<p>sobota \u00a0\u00a028. \u010dervna XCO\u00a0 \u00a0 \u00a0Zli\u010d\u00edn\u00a0 \u00a0 \u00a0 \u00a0 \u00a0 \u00a0 \u00a0 \u00a0 \u00a0 \u00a0 \u00a0 \u00a0 \u00a0 \u00a0 \u00a0 \u00a0 \u00a0 \u00a0 \u00a0 \u00a0 \u00a0 \u00a0 \u00a0 Velk\u00e1 cena Caf\u00e9 Calabrone \u00a0<\/p>\n<p>ned\u011ble \u00a0\u00a029. \u010dervna XCO\u00a0 \u00a0 \u00a0 Zli\u010d\u00edn\u00a0 \u00a0 \u00a0 \u00a0 \u00a0 \u00a0 \u00a0 \u00a0 \u00a0 \u00a0 \u00a0 \u00a0 \u00a0 \u00a0 \u00a0 \u00a0 \u00a0 \u00a0 \u00a0 \u00a0 \u00a0 \u00a0 \u00a0 Mistrovstv\u00ed Prahy XCO\u00a0<\/p>\n<p>st\u0159eda 26.11. 18:00\u00a0 \u00a0 \u00a0 \u00a0 \u00a0 \u00a0 \u00a0 \u00a0Lidov\u00fd d\u016fm Kbely\u00a0 \u00a0 \u00a0 \u00a0 \u00a0 \u00a0 \u00a0 \u00a0 \u00a0 \u00a0 \u00a0 \u00a0 Slavnostn\u00ed vyhl\u00e1\u0161en\u00ed Pra\u017esk\u00e9ho MTB poh\u00e1ru\u00a0<\/p>\n<h3><span style=\"color: #ff0000;\">2024<\/span><\/h3>\n<h3><span style=\"color: #ff0000;\"><strong>Term\u00edny \u0160KODA Pra\u017esk\u00fd MTB poh\u00e1r 2024<\/strong><\/span><\/h3>\n<p>sobota \u00a0\u00a06. dubna \u00a0XCC\u00a0\u00a0\u00a0 Traily Motol\u00a0 \u00a0\u00a0\u00a0\u00a0\u00a0\u00a0\u00a0\u00a0\u00a0\u00a0\u00a0Velk\u00e1 cena NUTREND SPECIALIZED<\/p>\n<p>ned\u011ble \u00a0\u00a07. dubna \u00a0XCO\u00a0 \u00a0 \u00a0Traily Motol\u00a0 \u00a0 \u00a0 \u00a0 \u00a0 \u00a0 \u00a0 \u00a0Velk\u00e1 cena \u0160KODA AUTO \u00a0<\/p>\n<p>sobota 27. dubna XCO\u00a0 \u00a0 \u00a0Zli\u010d\u00edn\u00a0 \u00a0 \u00a0 \u00a0 \u00a0 \u00a0 \u00a0 \u00a0 \u00a0 \u00a0 \u00a0 \u00a0 \u00a0 Velk\u00e1 cena Caf\u00e9 Calabrone \u00a0<\/p>\n<p>ned\u011ble 28. dubna XCO\u00a0 \u00a0 Zli\u010d\u00edn\u00a0 \u00a0 \u00a0 \u00a0 \u00a0 \u00a0 \u00a0 \u00a0 \u00a0 \u00a0 \u00a0 \u00a0 \u00a0 O poh\u00e1r M\u010c Praha Zli\u010d\u00edn\u00a0<\/p>\n<p>st\u0159eda 1. kv\u011btna \u00a0\u00a0XCO\u00a0 \u00a0 \u00a0Kbely \u00a0\u00a0\u00a0\u00a0\u00a0\u00a0\u00a0\u00a0\u00a0\u00a0\u00a0\u00a0\u00a0\u00a0\u00a0\u00a0\u00a0\u00a0\u00a0\u00a0 \u00a0\u00a0\u00a0\u00a0KNAUF Velk\u00e1 cena M\u010c Praha Kbely\u00a0<\/p>\n<p><del>ned\u011ble 8. z\u00e1\u0159\u00ed \u00a0\u00a0\u00a0\u00a0\u00a0\u00a0\u00a0XCO \u00a0\u00a0\u00a0Libu\u0161 \u00a0\u00a0\u00a0\u00a0\u00a0\u00a0\u00a0\u00a0\u00a0\u00a0\u00a0\u00a0\u00a0\u00a0\u00a0\u00a0\u00a0\u00a0\u00a0 \u00a0\u00a0\u00a0\u00a0\u00a0O poh\u00e1r M\u010c Praha Libu\u0161.<\/del>.\u00a0 ZRU\u0160ENO<\/p>\n<h3><span style=\"color: #ff0000;\">2023<\/span><\/h3>\n<h3><span style=\"color: #ff0000;\"><strong>Term\u00edny \u0160KODA Pra\u017esk\u00fd MTB poh\u00e1r 2023<\/strong><\/span><\/h3>\n<ol>\n<li><strong> ned\u011ble 19.3.\u00a0 \u00a0Traily Motol\u00a0<\/strong><\/li>\n<li><strong> pond\u011bl\u00ed 1.5. \u00a0\u00a0\u00a0Kbely, v\u010detn\u011b\u00a0 M\u010cR nesly\u0161\u00edc\u00edch<\/strong><\/li>\n<li><strong> sobota\u00a0 3.6.\u00a0\u00a0\u00a0 Zli\u010d\u00edn I. v\u010detn\u011b Akademick\u00e9ho M\u010cR<\/strong><\/li>\n<li><strong> ned\u011ble\u00a0 4.6.\u00a0\u00a0\u00a0 Zli\u010d\u00edn II.<\/strong><\/li>\n<li><strong> ned\u011ble\u00a0 3.9.\u00a0\u00a0\u00a0 Libu\u0161, v\u010detn\u011b Mistrovstv\u00ed Prahy a<\/strong><\/li>\n<\/ol>\n<h3><strong><span style=\"color: #ff0000;\">2022<\/span><\/strong><\/h3>\n<h3><span style=\"color: #ff0000;\">Term\u00edny Pra\u017esk\u00e9ho MTB poh\u00e1ru 2022<\/span><\/h3>\n<p>ned\u011ble 20. b\u0159ezna\u00a0\u00a0\u00a0\u00a0\u00a0\u00a0\u00a0\u00a0 Motol I. &#8211; 1. kolo<\/p>\n<p>sobota 16. dubna\u00a0\u00a0\u00a0\u00a0\u00a0\u00a0\u00a0\u00a0\u00a0 Kbely + Mistrovstv\u00ed Prahy &#8211; 2.kolo\u00a0<\/p>\n<p>sobota 30. dubna\u00a0 \u00a0\u00a0\u00a0\u00a0\u00a0 \u00a0\u00a0Zli\u010d\u00edn I. &#8211; 3.kolo<\/p>\n<p>ned\u011ble \u00a0\u00a01. kv\u011btna\u00a0\u00a0 \u00a0\u00a0\u00a0\u00a0 \u00a0Zli\u010d\u00edn II. &#8211; 4.kolo<\/p>\n<p>ned\u011ble 11. z\u00e1\u0159\u00ed\u00a0\u00a0\u00a0\u00a0\u00a0\u00a0\u00a0\u00a0\u00a0\u00a0\u00a0\u00a0\u00a0\u00a0 Libu\u0161 &#8211; 5.kolo<\/p>\n<p>ned\u011ble 25. z\u00e1\u0159\u00ed\u00a0 \u00a0 \u00a0 \u00a0 \u00a0 \u00a0 \u00a0 \u00a0Fin\u00e1lov\u00fd z\u00e1vod PMTBP Motol II. + Akademick\u00e9 M\u010cR &#8211; 6.kolo<\/p>\n<p>_________________________________________________________________________________________<\/p>\n<h3><strong><span style=\"color: #ff0000;\">2021<\/span><\/strong><\/h3>\n<h3><strong><span style=\"color: #ff0000;\">Nov\u00e9 term\u00edny (aktualizace 26.4.2021)<\/span><\/strong><\/h3>\n<p><strong>ned\u011ble \u00a0\u00a0\u00a0 6.6.\u00a0\u00a0 Beckov<\/strong><br \/><strong>sobota\u00a0 19.6. \u00a0\u00a0\u00a0Zli\u010d\u00edn\u00a0 \u00a0 \u00a0 z\u00e1rove\u0148 P\u0159ebor Prahy<\/strong><br \/><strong>ned\u011ble\u00a0 20.6.\u00a0\u00a0\u00a0 Zli\u010d\u00edn<\/strong><br \/><strong>sobota\u00a0 17.7.\u00a0\u00a0\u00a0 Motol<\/strong><br \/><strong>ned\u011ble\u00a0 18.7.\u00a0\u00a0\u00a0 Motol\u00a0 \u00a0 \u00a0z\u00e1rove\u0148 Akademick\u00e9 Mistrovstv\u00ed \u010cesk\u00e9 republiky 202<\/strong>1<\/p>\n<p><strong>sobota\u00a0 25.9.\u00a0\u00a0\u00a0 Kbely<\/strong><br \/><strong>ned\u011ble\u00a0 26.9.\u00a0\u00a0\u00a0 Libu\u0161<\/strong><\/p>\n<p><span style=\"color: #ff0000;\"><strong>2020<\/strong><\/span><\/p>\n<p><strong>TOMKET Pra\u017esk\u00fd MTB poh\u00e1r 2020 &#8211; zm\u011bny na z\u00e1klad\u011b opat\u0159en\u00ed v souvislosti s epidemi\u00ed koronaviru<br \/><\/strong><\/p>\n<p><strong>1. ned\u011ble\u00a0 \u00a0 \u00a0 7. \u010dervna\u00a0\u00a0\u00a0\u00a0\u00a0\u00a0\u00a0 Beckov\u00a0<\/strong><br \/><strong>2. ned\u011ble\u00a0 \u00a0 21. \u010dervna\u00a0 \u00a0 \u00a0 \u00a0 Kbely\u2013P\u0159ebor Prahy\u00a0<\/strong><br \/><strong>3. sobota\u00a0 \u00a0 27. \u010dervna\u00a0 \u00a0 \u00a0 \u00a0 Zli\u010d\u00edn\u00a0<\/strong><strong>\u00a0<\/strong><br \/><strong>4. ned\u011ble\u00a0 \u00a0 28\u00a0 \u010dervna\u00a0 \u00a0 \u00a0 \u00a0 Zli\u010d\u00edn\u00a0<\/strong><br \/><strong>5. sobota\u00a0 \u00a0 12. z\u00e1\u0159\u00ed\u00a0 \u00a0 \u00a0 \u00a0 \u00a0 \u00a0 \u00a0Libu\u0161 &#8211;<\/strong><strong>\u00a0Akademick\u00e9 M\u010cR MTB XCO 2020<\/strong><br \/><strong>6. ned\u011ble\u00a0 \u00a0 13. z\u00e1\u0159\u00ed\u00a0 \u00a0 \u00a0 \u00a0 \u00a0 \u00a0 \u00a0Libu\u0161\u00a0\u00a0<\/strong><strong><br \/><\/strong><strong>7. p\u00e1tek\u00a0\u00a0\u00a0 13. listopadu\u00a0 Lidov\u00fd d\u016fm Kbely \u2013 Slavnostn\u00ed ve\u010der a vyhl\u00e1\u0161en\u00ed TOMKET Pra\u017esk\u00e9ho MTB poh\u00e1ru 2020\u00a0 \u00a0 \u00a0 \u00a0\u00a0<\/strong><br \/><strong>\u00a0 \u00a0 \u00a0\u00a0<\/strong><\/p>\n<p><span style=\"color: #ff0000;\"><strong>2019<\/strong><\/span><\/p>\n<p>TOMKET Pra\u017esk\u00fd MTB poh\u00e1r 2019<br \/>1. \u00a0\u00a0ned\u011ble 24. b\u0159ezen \u00a0\u00a0\u00a0\u00a0\u00a0Garden Park Jene\u010d<br \/>2. \u00a0\u00a0ned\u011ble 14. dubna\u00a0 \u00a0 \u00a0 \u00a0Zli\u010d\u00edn<br \/>3. \u00a0\u00a0st\u0159eda 1. kv\u011btna \u00a0\u00a0\u00a0\u00a0\u00a0\u00a0\u00a0\u00a0Beckov<br \/>4. \u00a0\u00a0st\u0159eda 8. kv\u011btna \u00a0\u00a0\u00a0\u00a0\u00a0\u00a0\u00a0\u00a0Bike Park Kbely<br \/>5. \u00a0\u00a0sobota 7. z\u00e1\u0159\u00ed\u00a0 \u00a0\u00a0\u00a0\u00a0\u00a0\u00a0\u00a0\u00a0\u00a0\u00a0\u00a0\u00a0Libu\u0161\u00a0 &#8211; Mistrovstv\u00ed Prahy<br \/>6. \u00a0\u00a0ned\u011ble 8. z\u00e1\u0159\u00ed\u00a0 \u00a0 \u00a0 \u00a0 \u00a0 \u00a0 \u00a0 Zli\u010d\u00edn \u2013 Fin\u00e1lov\u00fd z\u00e1vod<br \/><strong>7. \u00a0\u00a0p\u00e1tek 15. listopadu \u00a0\u00a0Slavnostn\u00ed vyhl\u00e1\u0161en\u00ed Music club Lidov\u00fd d\u016fm Kbely<\/strong><\/p>\n<p><span style=\"color: #ff0000;\"><strong>2018<\/strong><\/span><\/p>\n<p>sobota\u00a0 \u00a024. b\u0159ezen \u00a0\u00a0\u00a0\u00a0\u00a0\u00a0Bike Park Zli\u010d\u00edn<br \/>ned\u011ble\u00a0\u00a0 \u00a0\u00a08. dubna\u00a0\u00a0 \u00a0\u00a0\u00a0\u00a0\u00a0Garden Park Jene\u010d<br \/>\u00fater\u00fd\u00a0\u00a0\u00a0\u00a0\u00a0\u00a0 \u00a01. kv\u011btna\u00a0 \u00a0\u00a0\u00a0\u00a0\u00a0\u00a0Beckov<br \/>\u00fater\u00fd\u00a0\u00a0\u00a0\u00a0\u00a0\u00a0 \u00a08. kv\u011btna\u00a0\u00a0\u00a0 \u00a0\u00a0\u00a0\u00a0Bike Park Kbely<br \/>ned\u011ble\u00a0 10. \u010dervna\u00a0\u00a0\u00a0\u00a0\u00a0\u00a0\u00a0\u00a0 \u0158\u00ed\u010dany<br \/>ned\u011ble \u00a016. z\u00e1\u0159\u00ed\u00a0\u00a0\u00a0\u00a0\u00a0\u00a0\u00a0\u00a0\u00a0\u00a0 \u00a0\u00a0\u00a0\u00a0Libu\u0161<br \/>ned\u011ble\u00a0 23. z\u00e1\u0159\u00ed\u00a0\u00a0\u00a0\u00a0\u00a0\u00a0\u00a0\u00a0\u00a0\u00a0 \u00a0\u00a0\u00a0\u00a0Zli\u010d\u00edn<br \/>ned\u011ble \u00a028. \u0159\u00edjen\u00a0\u00a0\u00a0\u00a0\u00a0\u00a0\u00a0\u00a0 \u00a0\u00a0\u00a0\u00a0Garden Park Jene\u010d \u2013 fin\u00e1lov\u00fd z\u00e1vod, XCO \u2013 maraton<br \/><strong>p\u00e1tek \u00a0\u00a0 16. listopadu\u00a0\u00a0\u00a0 Slavnostn\u00ed ve\u010der Pra\u017esk\u00e9ho MTB poh\u00e1ru 2018<\/strong><\/p>\n<p><span style=\"color: #ff0000;\"><strong>\u00a0<\/strong><\/span><\/p>\n<p><span style=\"color: #ff0000;\"><strong>2017<\/strong><\/span><\/p>\n<p><span style=\"color: #000000;\">ned\u011ble\u00a0 19. b\u0159ezna\u00a0\u00a0\u00a0\u00a0\u00a0 \u0158epy<\/span><br \/><span style=\"color: #000000;\">ned\u011ble\u00a0\u00a0\u00a0 9. dubna\u00a0\u00a0\u00a0\u00a0\u00a0\u00a0 Zli\u010d\u00edn<\/span><br \/><span style=\"color: #000000;\">ned\u011ble\u00a0 30. dubna\u00a0\u00a0\u00a0\u00a0\u00a0\u00a0 Beckov<\/span><br \/><span style=\"color: #000000;\">ned\u011ble\u00a0 17. z\u00e1\u0159\u00ed\u00a0\u00a0\u00a0\u00a0\u00a0\u00a0\u00a0\u00a0\u00a0\u00a0\u00a0 Libu\u0161<\/span><br \/><span style=\"color: #000000;\">ned\u011ble\u00a0 24. z\u00e1\u0159\u00ed\u00a0\u00a0\u00a0\u00a0\u00a0\u00a0\u00a0\u00a0\u00a0\u00a0\u00a0 Kbely + P\u0159ebor Prahy MTB<\/span><br \/><strong>p\u00e1tek\u00a0\u00a0\u00a0 10. listopadu\u00a0 Lidov\u00fd d\u016fm Kbely \u2013 slavnostn\u00ed ve\u010der s koncertem a vyhl\u00e1\u0161en\u00ed v\u00fdsledk\u016f<\/strong><\/p>\n<p><span style=\"color: #ff0000;\"><strong>2016<\/strong><\/span><\/p>\n<p>sobota 26. b\u0159ezna \u00a0 \u00a0 \u00a0 ZLI\u010c\u00cdN<br \/>ned\u011ble 15. kv\u011btna \u00a0 \u00a0 \u00a0\u00a0KBELY<br \/>ned\u011ble\u00a0\u00a0 5. \u010dervna \u00a0 \u00a0 \u00a0 BECKOV<br \/>ned\u011ble 18. z\u00e1\u0159\u00ed \u00a0 \u00a0 \u00a0 \u00a0 \u00a0 \u00a0LIBU\u0160<br \/><strong>ned\u011ble 25. z\u00e1\u0159\u00ed \u00a0 \u00a0 \u00a0 \u00a0 \u00a0 KBELY<\/strong><br \/><strong>p\u00e1tek\u00a0\u00a0 11. listopadu\u00a0\u00a0 SOKOLOVNA KBELY \u2013 slavnostn\u00ed vyhl\u00e1\u0161en\u00ed v\u00fdsledk\u016f a koncert\u00a0<\/strong><\/p>\n<p><span style=\"color: #ff0000;\"><strong>2015<\/strong><\/span><\/p>\n<p>ned\u011ble\u00a0\u00a0\u00a0\u00a0\u00a0\u00a0\u00a0\u00a0 22.b\u0159ezna\u00a0\u00a0\u00a0\u00a0\u00a0\u00a0\u00a0\u00a0\u00a0\u00a0\u00a0\u00a0\u00a0\u00a0 Zli\u010d\u00edn<br \/>pond\u011bl\u00ed \u00a0 \u00a0 \u00a0 \u00a006.dubna\u00a0\u00a0\u00a0\u00a0\u00a0\u00a0\u00a0\u00a0\u00a0\u00a0\u00a0\u00a0\u00a0\u00a0\u00a0 \u0158epy<br \/>p\u00e1tek \u00a0 \u00a0 \u00a0 \u00a0 \u00a0 08.kv\u011btna\u00a0\u00a0\u00a0\u00a0\u00a0\u00a0\u00a0\u00a0\u00a0\u00a0\u00a0\u00a0\u00a0\u00a0 Kbely<br \/>ned\u011ble \u00a0 \u00a0 \u00a0 \u00a0 10.kv\u011btna \u00a0 \u00a0 \u00a0 \u00a0 \u00a0 \u00a0 \u00a0 Stod\u016flky &#8211; <span style=\"color: #ff0000;\"><strong>z\u00e1vod nen\u00ed za\u0159azen do Pra\u017esk\u00e9ho MTB poh\u00e1ru 2015<\/strong><\/span><br \/>ned\u011ble\u00a0\u00a0\u00a0\u00a0\u00a0\u00a0\u00a0\u00a0 13.z\u00e1\u0159\u00ed\u00a0\u00a0\u00a0\u00a0\u00a0\u00a0\u00a0\u00a0\u00a0\u00a0\u00a0\u00a0\u00a0\u00a0\u00a0\u00a0\u00a0\u00a0\u00a0 Libu\u0161<strong><br \/>ned\u011ble \u00a0 \u00a0 \u00a0 \u00a020.z\u00e1\u0159\u00ed \u00a0 \u00a0 \u00a0 \u00a0 \u00a0 \u00a0 \u00a0 \u00a0 \u00a0 \u00a0Zli\u010d\u00edn &#8211; fin\u00e1lov\u00fd z\u00e1vod<\/strong><\/p>\n<p><span style=\"color: #ff0000;\"><strong>2014<\/strong><\/span><\/p>\n<p>ned\u011ble\u00a0\u00a0\u00a0\u00a0\u00a0\u00a0\u00a0\u00a0 23.b\u0159ezna\u00a0\u00a0\u00a0\u00a0\u00a0\u00a0\u00a0\u00a0\u00a0\u00a0\u00a0\u00a0\u00a0\u00a0 Zli\u010d\u00edn<br \/>ned\u011ble\u00a0\u00a0\u00a0\u00a0\u00a0\u00a0\u00a0\u00a0 27.dubna\u00a0\u00a0\u00a0\u00a0\u00a0\u00a0\u00a0\u00a0\u00a0\u00a0\u00a0\u00a0\u00a0\u00a0\u00a0 \u0158epy<br \/>ned\u011ble \u00a0 \u00a0 \u00a0 \u00a0 \u00a0 4.kv\u011btna\u00a0\u00a0\u00a0\u00a0\u00a0\u00a0\u00a0\u00a0\u00a0\u00a0\u00a0\u00a0\u00a0\u00a0 Kbely<br \/>ned\u011ble\u00a0\u00a0\u00a0\u00a0\u00a0\u00a0\u00a0\u00a0 14.z\u00e1\u0159\u00ed\u00a0\u00a0\u00a0\u00a0\u00a0\u00a0\u00a0\u00a0\u00a0\u00a0\u00a0\u00a0\u00a0\u00a0\u00a0\u00a0\u00a0\u00a0\u00a0 Libu\u0161<strong><br \/>ned\u011ble\u00a0\u00a0\u00a0\u00a0\u00a0\u00a0 21.z\u00e1\u0159\u00ed\u00a0\u00a0\u00a0\u00a0\u00a0\u00a0\u00a0\u00a0\u00a0\u00a0\u00a0\u00a0\u00a0\u00a0\u00a0\u00a0\u00a0\u00a0\u00a0 \u0158epy &#8211; fin\u00e1lov\u00fd z\u00e1vod<\/strong><\/p>\n<p><span style=\"color: #ff0000;\"><strong>2013<\/strong><\/span><\/p>\n<p>ned\u011ble\u00a0\u00a0\u00a0\u00a0\u00a0\u00a0\u00a0\u00a0 21. dubna\u00a0\u00a0\u00a0\u00a0\u00a0\u00a0\u00a0\u00a0\u00a0\u00a0\u00a0\u00a0\u00a0\u00a0 Zli\u010d\u00edn ( MTB + singlespeed)<br \/>sobota\u00a0\u00a0\u00a0\u00a0\u00a0\u00a0\u00a0\u00a0\u00a0\u00a0 1. \u010dervna\u00a0\u00a0\u00a0\u00a0\u00a0\u00a0\u00a0\u00a0\u00a0\u00a0\u00a0\u00a0\u00a0 \u0158epy (MTB + singlespeed, BMX, M\u010cR novin\u00e1\u0159\u016f, sprint Eliminator)<br \/>ned\u011ble \u00a0\u00a0\u00a0\u00a0\u00a0\u00a0\u00a0 15. z\u00e1\u0159\u00ed\u00a0\u00a0\u00a0\u00a0\u00a0\u00a0\u00a0\u00a0\u00a0\u00a0\u00a0\u00a0\u00a0\u00a0\u00a0\u00a0\u00a0\u00a0 Libu\u0161 (MTB )<br \/><del>ned\u011ble\u00a0\u00a0\u00a0\u00a0\u00a0\u00a0\u00a0\u00a0 29. z\u00e1\u0159\u00ed\u00a0\u00a0\u00a0\u00a0\u00a0\u00a0\u00a0\u00a0\u00a0\u00a0\u00a0\u00a0\u00a0\u00a0\u00a0\u00a0\u00a0\u00a0 Stod\u016flky (MTB + 4X)<\/del>\u00a0<span style=\"color: #ff0000;\"> Z TECHNICK\u00ddCH Z\u00c1VOD\u016e ZRU\u0160ENO<\/span><br \/>ned\u011ble\u00a0\u00a0\u00a0\u00a0\u00a0\u00a0\u00a0\u00a0\u00a0\u00a0 6. \u0159\u00edjna \u00a0\u00a0\u00a0\u00a0\u00a0\u00a0\u00a0\u00a0\u00a0\u00a0\u00a0\u00a0\u00a0\u00a0\u00a0\u00a0 Zli\u010d\u00edn (MTB)<br \/>ned\u011ble\u00a0\u00a0\u00a0\u00a0\u00a0\u00a0\u00a0\u00a0 13. \u0159\u00edjna\u00a0\u00a0\u00a0\u00a0\u00a0\u00a0\u00a0\u00a0\u00a0\u00a0\u00a0\u00a0\u00a0\u00a0\u00a0\u00a0\u00a0 \u0158epy (MTB, Velk\u00e9 fin\u00e1le)<\/p>\n<p><a href=\"https:\/\/prahamtb.cz\/wp-content\/uploads\/2013\/03\/PMC2013.jpg\"><img decoding=\"async\" loading=\"lazy\" class=\"alignnone size-medium wp-image-61\" src=\"https:\/\/prahamtb.cz\/wp-content\/uploads\/2013\/03\/PMC2013-294x300.jpg\" alt=\"PMC2013\" width=\"294\" height=\"300\" srcset=\"https:\/\/prahamtb.cz\/wp-content\/uploads\/2013\/03\/PMC2013-294x300.jpg 294w, https:\/\/prahamtb.cz\/wp-content\/uploads\/2013\/03\/PMC2013-624x634.jpg 624w, https:\/\/prahamtb.cz\/wp-content\/uploads\/2013\/03\/PMC2013.jpg 915w\" sizes=\"(max-width: 294px) 100vw, 294px\" \/><\/a><\/p>\n\n\n<p><\/p>\n","protected":false},"excerpt":{"rendered":"<a href=\"https:\/\/prahamtb.cz\/?page_id=10\"><img width=\"150\" src=\"\" class=\"alignleft wp-post-image tfe\" alt=\"\" title=\"\" \/><\/a><p>2026 Term\u00edny \u0160KODA Pra\u017esk\u00fd MTB poh\u00e1r 2026 sobota 11. dubna\u00a0 \u00a0 \u00a0 \u00a0 \u00a0XCC\u00a0 \u00a0 \u00a0 \u00a0 Traily Motol\u00a0 \u00a0 \u00a0 \u00a0 \u00a0 \u00a0 \u00a0 \u00a0 \u00a0 \u00a0 \u00a0 \u00a0 \u00a0Mistrovstv\u00ed Prahy XCC 2026 ned\u011ble 12. dubna.\u00a0 \u00a0 \u00a0 \u00a0XCO \u00a0 \u00a0 \u00a0 \u00a0Traily Motol\u00a0 \u00a0 \u00a0 \u00a0 \u00a0 \u00a0 \u00a0 \u00a0 \u00a0 \u00a0 \u00a0 [&hellip;]<\/p>\n","protected":false},"author":1,"featured_media":0,"parent":8,"menu_order":0,"comment_status":"closed","ping_status":"open","template":"","meta":[],"_links":{"self":[{"href":"https:\/\/prahamtb.cz\/index.php?rest_route=\/wp\/v2\/pages\/10"}],"collection":[{"href":"https:\/\/prahamtb.cz\/index.php?rest_route=\/wp\/v2\/pages"}],"about":[{"href":"https:\/\/prahamtb.cz\/index.php?rest_route=\/wp\/v2\/types\/page"}],"author":[{"embeddable":true,"href":"https:\/\/prahamtb.cz\/index.php?rest_route=\/wp\/v2\/users\/1"}],"replies":[{"embeddable":true,"href":"https:\/\/prahamtb.cz\/index.php?rest_route=%2Fwp%2Fv2%2Fcomments&post=10"}],"version-history":[{"count":47,"href":"https:\/\/prahamtb.cz\/index.php?rest_route=\/wp\/v2\/pages\/10\/revisions"}],"predecessor-version":[{"id":7107,"href":"https:\/\/prahamtb.cz\/index.php?rest_route=\/wp\/v2\/pages\/10\/revisions\/7107"}],"up":[{"embeddable":true,"href":"https:\/\/prahamtb.cz\/index.php?rest_route=\/wp\/v2\/pages\/8"}],"wp:attachment":[{"href":"https:\/\/prahamtb.cz\/index.php?rest_route=%2Fwp%2Fv2%2Fmedia&parent=10"}],"curies":[{"name":"wp","href":"https:\/\/api.w.org\/{rel}","templated":true}]}}